{"id":6455,"date":"2026-02-19T09:22:30","date_gmt":"2026-02-19T08:22:30","guid":{"rendered":"https:\/\/www.elegant-und-excellent.de\/shop\/produkt\/kleber\/"},"modified":"2026-03-02T09:12:50","modified_gmt":"2026-03-02T08:12:50","slug":"kleber","status":"publish","type":"product","link":"\/shop\/produkt\/kleber\/","title":{"rendered":"Kleber"},"content":{"rendered":"<p>Unser Kleber ist ein deutsches Qualit\u00e4tsprodukt nach EU-Richtlinien. Er \u00fcberzeugt durch seine hervorragende Haltbarkeit, Flexibilit\u00e4t, Elastizit\u00e4t und trocknet binnen Sekunden. Dies erm\u00f6glicht ein schnelles Applizieren.<\/p>\n","protected":false},"excerpt":{"rendered":"<p>Unser Kleber ist ein deutsches Qualit\u00e4tsprodukt nach EU-Richtlinien. Er \u00fcberzeugt durch seine hervorragende Haltbarkeit, Flexibilit\u00e4t, Elastizit\u00e4t und trocknet binnen Sekunden. Dies erm\u00f6glicht ein schnelles Applizieren.<\/p>\n","protected":false},"featured_media":6456,"comment_status":"closed","ping_status":"closed","template":"","meta":{"_acf_changed":false},"product_brand":[],"product_cat":[321],"product_tag":[],"class_list":{"0":"post-6455","1":"product","2":"type-product","3":"status-publish","4":"has-post-thumbnail","6":"product_cat-kleber","8":"first","9":"instock","10":"taxable","11":"shipping-taxable","12":"purchasable","13":"product-type-simple"},"acf":[],"tiered_pricing_type":"fixed","tiered_pricing_fixed_rules":[],"tiered_pricing_product_settings":{"layout":"default","base_unit_name":{"singular":null,"plural":null},"default_variation":null},"tiered_pricing_minimum_quantity":null,"tiered_pricing_roles_data":[],"tiered_pricing_percentage_rules":[],"_links":{"self":[{"href":"\/shop\/wp-json\/wp\/v2\/product\/6455","targetHints":{"allow":["GET"]}}],"collection":[{"href":"\/shop\/wp-json\/wp\/v2\/product"}],"about":[{"href":"\/shop\/wp-json\/wp\/v2\/types\/product"}],"replies":[{"embeddable":true,"href":"\/shop\/wp-json\/wp\/v2\/comments?post=6455"}],"wp:featuredmedia":[{"embeddable":true,"href":"\/shop\/wp-json\/wp\/v2\/media\/6456"}],"wp:attachment":[{"href":"\/shop\/wp-json\/wp\/v2\/media?parent=6455"}],"wp:term":[{"taxonomy":"product_brand","embeddable":true,"href":"\/shop\/wp-json\/wp\/v2\/product_brand?post=6455"},{"taxonomy":"product_cat","embeddable":true,"href":"\/shop\/wp-json\/wp\/v2\/product_cat?post=6455"},{"taxonomy":"product_tag","embeddable":true,"href":"\/shop\/wp-json\/wp\/v2\/product_tag?post=6455"}],"curies":[{"name":"wp","href":"https:\/\/api.w.org\/{rel}","templated":true}]}}