{"id":6481,"date":"2026-02-19T09:22:30","date_gmt":"2026-02-19T08:22:30","guid":{"rendered":"https:\/\/www.elegant-und-excellent.de\/shop\/produkt\/reinigungsapplikatoren\/"},"modified":"2026-03-02T09:27:35","modified_gmt":"2026-03-02T08:27:35","slug":"reinigungsapplikatoren","status":"publish","type":"product","link":"\/shop\/produkt\/reinigungsapplikatoren\/","title":{"rendered":"Reinigungsapplikatoren"},"content":{"rendered":"<p>Reinigungsapplikatoren s\u00e4ubern in Perfektion. Sie sind Voraussetzung f\u00fcr eine gute und gr\u00fcndliche Reinigung der Wimpern und erm\u00f6glichen pr\u00e4zises Arbeiten.&nbsp;<\/p>\n","protected":false},"excerpt":{"rendered":"<p>Reinigungsapplikatoren s\u00e4ubern in Perfektion. Sie sind Voraussetzung f\u00fcr eine gute und gr\u00fcndliche Reinigung der Wimpern und erm\u00f6glichen pr\u00e4zises Arbeiten. Durch den wei\u00dfen Schaumstoffkopf sehen Sie stets die Make-up Reste, die von den Wimpern kommen.<\/p>\n<p>Wir empfehlen: Nutzen Sie diese St\u00e4bchen nie \u00f6fter als einmal, um Bakterien und Erregern vorzubeugen.<\/p>\n<p>Geben Sie jeder Kundin nach Behandlung ihre Microfaserst\u00e4bchen mit, damit Sie sie f\u00fcr die Reinigung zu Hause nutzen kann.<\/p>\n","protected":false},"featured_media":6482,"comment_status":"closed","ping_status":"closed","template":"","meta":{"_acf_changed":false},"product_brand":[],"product_cat":[323],"product_tag":[],"class_list":{"0":"post-6481","1":"product","2":"type-product","3":"status-publish","4":"has-post-thumbnail","6":"product_cat-zubehoer","8":"first","9":"instock","10":"taxable","11":"shipping-taxable","12":"purchasable","13":"product-type-simple"},"acf":[],"tiered_pricing_type":"fixed","tiered_pricing_fixed_rules":[],"tiered_pricing_product_settings":{"layout":"default","base_unit_name":{"singular":null,"plural":null},"default_variation":null},"tiered_pricing_minimum_quantity":null,"tiered_pricing_roles_data":[],"tiered_pricing_percentage_rules":[],"_links":{"self":[{"href":"\/shop\/wp-json\/wp\/v2\/product\/6481","targetHints":{"allow":["GET"]}}],"collection":[{"href":"\/shop\/wp-json\/wp\/v2\/product"}],"about":[{"href":"\/shop\/wp-json\/wp\/v2\/types\/product"}],"replies":[{"embeddable":true,"href":"\/shop\/wp-json\/wp\/v2\/comments?post=6481"}],"wp:featuredmedia":[{"embeddable":true,"href":"\/shop\/wp-json\/wp\/v2\/media\/6482"}],"wp:attachment":[{"href":"\/shop\/wp-json\/wp\/v2\/media?parent=6481"}],"wp:term":[{"taxonomy":"product_brand","embeddable":true,"href":"\/shop\/wp-json\/wp\/v2\/product_brand?post=6481"},{"taxonomy":"product_cat","embeddable":true,"href":"\/shop\/wp-json\/wp\/v2\/product_cat?post=6481"},{"taxonomy":"product_tag","embeddable":true,"href":"\/shop\/wp-json\/wp\/v2\/product_tag?post=6481"}],"curies":[{"name":"wp","href":"https:\/\/api.w.org\/{rel}","templated":true}]}}