{"id":6487,"date":"2026-02-19T09:22:30","date_gmt":"2026-02-19T08:22:30","guid":{"rendered":"https:\/\/www.elegant-und-excellent.de\/shop\/produkt\/augenpads-silk\/"},"modified":"2026-03-03T10:28:05","modified_gmt":"2026-03-03T09:28:05","slug":"augenpads-silk","status":"publish","type":"product","link":"\/shop\/produkt\/augenpads-silk\/","title":{"rendered":"Augenpads SILK"},"content":{"rendered":"<p>Diese Augen Gelpads werden auf die untere Wimpernreihe aufgelegt, um ein Verkleben mit den oberen Wimpern zu vermeiden.&nbsp;<\/p>\n<p>H\u00f6chste Qualit\u00e4t, fusselfrei, ultra-thin und eine seidig glatte Oberfl\u00e4che.<\/p>\n","protected":false},"excerpt":{"rendered":"<p>Diese Augen Gelpads werden auf die untere Wimpernreihe aufgelegt, um ein Verkleben mit den oberen Wimpern zu vermeiden.&nbsp;<\/p>\n<p>H\u00f6chste Qualit\u00e4t, fusselfrei, ultra-thin und eine seidig glatte Oberfl\u00e4che.<\/p>\n","protected":false},"featured_media":6488,"comment_status":"closed","ping_status":"closed","template":"","meta":{"_acf_changed":false},"product_brand":[],"product_cat":[320],"product_tag":[],"class_list":{"0":"post-6487","1":"product","2":"type-product","3":"status-publish","4":"has-post-thumbnail","6":"product_cat-augenpads","8":"first","9":"instock","10":"taxable","11":"shipping-taxable","12":"purchasable","13":"product-type-simple"},"acf":[],"tiered_pricing_type":"fixed","tiered_pricing_fixed_rules":{"10":1.62000000000000010658141036401502788066864013671875},"tiered_pricing_product_settings":{"layout":"default","base_unit_name":{"singular":null,"plural":null},"default_variation":null},"tiered_pricing_minimum_quantity":null,"tiered_pricing_roles_data":[],"tiered_pricing_percentage_rules":[],"_links":{"self":[{"href":"\/shop\/wp-json\/wp\/v2\/product\/6487","targetHints":{"allow":["GET"]}}],"collection":[{"href":"\/shop\/wp-json\/wp\/v2\/product"}],"about":[{"href":"\/shop\/wp-json\/wp\/v2\/types\/product"}],"replies":[{"embeddable":true,"href":"\/shop\/wp-json\/wp\/v2\/comments?post=6487"}],"wp:featuredmedia":[{"embeddable":true,"href":"\/shop\/wp-json\/wp\/v2\/media\/6488"}],"wp:attachment":[{"href":"\/shop\/wp-json\/wp\/v2\/media?parent=6487"}],"wp:term":[{"taxonomy":"product_brand","embeddable":true,"href":"\/shop\/wp-json\/wp\/v2\/product_brand?post=6487"},{"taxonomy":"product_cat","embeddable":true,"href":"\/shop\/wp-json\/wp\/v2\/product_cat?post=6487"},{"taxonomy":"product_tag","embeddable":true,"href":"\/shop\/wp-json\/wp\/v2\/product_tag?post=6487"}],"curies":[{"name":"wp","href":"https:\/\/api.w.org\/{rel}","templated":true}]}}