{"id":6489,"date":"2026-02-19T09:22:30","date_gmt":"2026-02-19T08:22:30","guid":{"rendered":"https:\/\/www.elegant-und-excellent.de\/shop\/produkt\/augenpads-klein\/"},"modified":"2026-03-03T10:15:47","modified_gmt":"2026-03-03T09:15:47","slug":"augenpads-klein","status":"publish","type":"product","link":"\/shop\/produkt\/augenpads-klein\/","title":{"rendered":"Augenpads, klein"},"content":{"rendered":"<p>Diese Augen Gelpads werden auf die untere Wimpernreihe aufgelegt, um ein Verkleben mit den oberen Wimpern zu vermeiden. Die Gelpads sind angenehm k\u00fchl und sch\u00fctzen zus\u00e4tzlich die zarte Unterlidhaut vor Verletzungen. Die kleinen Pads eignen sich optimal f\u00fcr empfindliche Kunden, die oft Tr\u00e4nen. Die hautzarte Oberfl\u00e4che dieser Pads, erm\u00f6glicht Pr\u00e4zises Abkleben der unteren Wimpern und angenehmen Komfort f\u00fcr Ihre Kunden.&nbsp;<\/p>\n","protected":false},"excerpt":{"rendered":"<p>Diese Augen Gelpads werden auf die untere Wimpernreihe aufgelegt, um ein Verkleben mit den oberen Wimpern zu vermeiden. Die Gelpads sind angenehm k\u00fchl und sch\u00fctzen zus\u00e4tzlich die zarte Unterlidhaut vor Verletzungen. Die kleinen Pads eignen sich optimal f\u00fcr empfindliche Kunden, die oft Tr\u00e4nen. Die hautzarte Oberfl\u00e4che dieser Pads, erm\u00f6glicht Pr\u00e4zises Abkleben der unteren Wimpern und angenehmen Komfort f\u00fcr Ihre Kunden.&nbsp;<\/p>\n","protected":false},"featured_media":6490,"comment_status":"closed","ping_status":"closed","template":"","meta":{"_acf_changed":false},"product_brand":[],"product_cat":[320],"product_tag":[],"class_list":{"0":"post-6489","1":"product","2":"type-product","3":"status-publish","4":"has-post-thumbnail","6":"product_cat-augenpads","8":"first","9":"instock","10":"taxable","11":"shipping-taxable","12":"purchasable","13":"product-type-simple"},"acf":[],"tiered_pricing_type":"fixed","tiered_pricing_fixed_rules":{"10":1},"tiered_pricing_product_settings":{"layout":"default","base_unit_name":{"singular":null,"plural":null},"default_variation":null},"tiered_pricing_minimum_quantity":null,"tiered_pricing_roles_data":[],"tiered_pricing_percentage_rules":[],"_links":{"self":[{"href":"\/shop\/wp-json\/wp\/v2\/product\/6489","targetHints":{"allow":["GET"]}}],"collection":[{"href":"\/shop\/wp-json\/wp\/v2\/product"}],"about":[{"href":"\/shop\/wp-json\/wp\/v2\/types\/product"}],"replies":[{"embeddable":true,"href":"\/shop\/wp-json\/wp\/v2\/comments?post=6489"}],"wp:featuredmedia":[{"embeddable":true,"href":"\/shop\/wp-json\/wp\/v2\/media\/6490"}],"wp:attachment":[{"href":"\/shop\/wp-json\/wp\/v2\/media?parent=6489"}],"wp:term":[{"taxonomy":"product_brand","embeddable":true,"href":"\/shop\/wp-json\/wp\/v2\/product_brand?post=6489"},{"taxonomy":"product_cat","embeddable":true,"href":"\/shop\/wp-json\/wp\/v2\/product_cat?post=6489"},{"taxonomy":"product_tag","embeddable":true,"href":"\/shop\/wp-json\/wp\/v2\/product_tag?post=6489"}],"curies":[{"name":"wp","href":"https:\/\/api.w.org\/{rel}","templated":true}]}}