{"id":6491,"date":"2026-02-19T09:22:30","date_gmt":"2026-02-19T08:22:30","guid":{"rendered":"https:\/\/www.elegant-und-excellent.de\/shop\/produkt\/augenpads-gross\/"},"modified":"2026-03-03T10:18:22","modified_gmt":"2026-03-03T09:18:22","slug":"augenpads-gross","status":"publish","type":"product","link":"\/shop\/produkt\/augenpads-gross\/","title":{"rendered":"Augenpads, gro\u00df"},"content":{"rendered":"<p>Diese Augen Gelpads werden auf die untere Wimpernreihe aufgelegt, um ein Verkleben mit den oberen Wimpern zu vermeiden. Die Gelpads sind angenehme k\u00fchl und sch\u00fctzen zus\u00e4tzlich die zarte Unterlidhaut vor Verletzungen. Durch die k\u00fchlende Wirkung des Gels, f\u00fchlt sich Ihre Kundin rund ums Auge frisch und strahlend.&nbsp;<\/p>\n","protected":false},"excerpt":{"rendered":"<p>Diese Augen Gelpads werden auf die untere Wimpernreihe aufgelegt, um ein Verkleben mit den oberen Wimpern zu vermeiden. Die Gelpads sind angenehme k\u00fchl und sch\u00fctzen zus\u00e4tzlich die zarte Unterlidhaut vor Verletzungen. Durch die k\u00fchlende Wirkung des Gels, f\u00fchlt sich Ihre Kundin rund ums Auge frisch und strahlend.&nbsp;<\/p>\n","protected":false},"featured_media":6492,"comment_status":"closed","ping_status":"closed","template":"","meta":{"_acf_changed":false},"product_brand":[],"product_cat":[320],"product_tag":[],"class_list":{"0":"post-6491","1":"product","2":"type-product","3":"status-publish","4":"has-post-thumbnail","6":"product_cat-augenpads","8":"first","9":"instock","10":"taxable","11":"shipping-taxable","12":"purchasable","13":"product-type-simple"},"acf":[],"tiered_pricing_type":"fixed","tiered_pricing_fixed_rules":{"10":1},"tiered_pricing_product_settings":{"layout":"default","base_unit_name":{"singular":null,"plural":null},"default_variation":null},"tiered_pricing_minimum_quantity":null,"tiered_pricing_roles_data":[],"tiered_pricing_percentage_rules":[],"_links":{"self":[{"href":"\/shop\/wp-json\/wp\/v2\/product\/6491","targetHints":{"allow":["GET"]}}],"collection":[{"href":"\/shop\/wp-json\/wp\/v2\/product"}],"about":[{"href":"\/shop\/wp-json\/wp\/v2\/types\/product"}],"replies":[{"embeddable":true,"href":"\/shop\/wp-json\/wp\/v2\/comments?post=6491"}],"wp:featuredmedia":[{"embeddable":true,"href":"\/shop\/wp-json\/wp\/v2\/media\/6492"}],"wp:attachment":[{"href":"\/shop\/wp-json\/wp\/v2\/media?parent=6491"}],"wp:term":[{"taxonomy":"product_brand","embeddable":true,"href":"\/shop\/wp-json\/wp\/v2\/product_brand?post=6491"},{"taxonomy":"product_cat","embeddable":true,"href":"\/shop\/wp-json\/wp\/v2\/product_cat?post=6491"},{"taxonomy":"product_tag","embeddable":true,"href":"\/shop\/wp-json\/wp\/v2\/product_tag?post=6491"}],"curies":[{"name":"wp","href":"https:\/\/api.w.org\/{rel}","templated":true}]}}