{"id":6775,"date":"2026-02-19T09:25:56","date_gmt":"2026-02-19T08:25:56","guid":{"rendered":"https:\/\/www.elegant-und-excellent.de\/shop\/produkt\/seidenwimpern\/"},"modified":"2026-03-03T11:12:22","modified_gmt":"2026-03-03T10:12:22","slug":"seidenwimpern","status":"publish","type":"product","link":"\/shop\/produkt\/seidenwimpern\/","title":{"rendered":"Seidenwimpern"},"content":{"rendered":"<p>Hochwertige Synthetik Wimpern f\u00fcr professionelle Einzelwimpernverl\u00e4ngerung. Ihren Seidenglanz erh\u00e4lt sie durch Seidenproteine. Die Seidenwimper ist weich und der Naturwimper am \u00e4hnlichsten. Sie f\u00fchlt sich seidig sanft an und tr\u00e4gt sich federleicht. Es gibt die Seidenwimpern in 4 St\u00e4rken, 4 Biegungen und 10 L\u00e4ngen.<\/p>\n<ul>\n<li>St\u00e4rken: 0,07mm, 0,10mm, 0,15mm, 0,20mm<\/li>\n<li>Biegungen: B-curl, C-curl, D-curl, L-curl<\/li>\n<li>L\u00e4ngen: 6, 7, 8, 9, 10, 11, 12, 13, 14, 15mm<\/li>\n<\/ul>\n","protected":false},"excerpt":{"rendered":"<p>Hochwertige Synthetik Wimpern f\u00fcr professionelle Einzelwimpernverl\u00e4ngerung. Ihren Seidenglanz erh\u00e4lt sie durch Seidenproteine. Die Seidenwimper ist weich und der Naturwimper am \u00e4hnlichsten. Sie f\u00fchlt sich seidig sanft an und tr\u00e4gt sich federleicht. Es gibt die Seidenwimpern in 4 St\u00e4rken, 4 Biegungen und 10 L\u00e4ngen.<\/p>\n<ul>\n<li>St\u00e4rken: 0,07mm, 0,10mm, 0,15mm, 0,20mm<\/li>\n<li>Biegungen: B-curl, C-curl, D-curl, L-curl<\/li>\n<li>L\u00e4ngen: 6, 7, 8, 9, 10, 11, 12, 13, 14, 15mm<\/li>\n<\/ul>\n","protected":false},"featured_media":6776,"comment_status":"closed","ping_status":"closed","template":"","meta":{"_acf_changed":false},"product_brand":[],"product_cat":[322],"product_tag":[],"class_list":{"0":"post-6775","1":"product","2":"type-product","3":"status-publish","4":"has-post-thumbnail","6":"product_cat-wimpern","7":"pa_biegung-l-2","8":"pa_biegung-d","9":"pa_biegung-c","10":"pa_biegung-l","11":"pa_laenge-307","12":"pa_laenge-mix-6-15","13":"pa_laenge-313","14":"pa_laenge-312","15":"pa_laenge-311","16":"pa_laenge-310","17":"pa_laenge-309","18":"pa_laenge-308","19":"pa_laenge-306","20":"pa_laenge-305","21":"pa_laenge-298","22":"pa_staerke-304","23":"pa_staerke-299","25":"first","26":"instock","27":"taxable","28":"shipping-taxable","29":"purchasable","30":"product-type-variable"},"acf":[],"tiered_pricing_type":"fixed","tiered_pricing_fixed_rules":[],"tiered_pricing_product_settings":{"layout":"default","base_unit_name":{"singular":null,"plural":null},"default_variation":null},"tiered_pricing_minimum_quantity":null,"tiered_pricing_roles_data":[],"tiered_pricing_percentage_rules":[],"_links":{"self":[{"href":"\/shop\/wp-json\/wp\/v2\/product\/6775","targetHints":{"allow":["GET"]}}],"collection":[{"href":"\/shop\/wp-json\/wp\/v2\/product"}],"about":[{"href":"\/shop\/wp-json\/wp\/v2\/types\/product"}],"replies":[{"embeddable":true,"href":"\/shop\/wp-json\/wp\/v2\/comments?post=6775"}],"wp:featuredmedia":[{"embeddable":true,"href":"\/shop\/wp-json\/wp\/v2\/media\/6776"}],"wp:attachment":[{"href":"\/shop\/wp-json\/wp\/v2\/media?parent=6775"}],"wp:term":[{"taxonomy":"product_brand","embeddable":true,"href":"\/shop\/wp-json\/wp\/v2\/product_brand?post=6775"},{"taxonomy":"product_cat","embeddable":true,"href":"\/shop\/wp-json\/wp\/v2\/product_cat?post=6775"},{"taxonomy":"product_tag","embeddable":true,"href":"\/shop\/wp-json\/wp\/v2\/product_tag?post=6775"}],"curies":[{"name":"wp","href":"https:\/\/api.w.org\/{rel}","templated":true}]}}