{"id":6871,"date":"2026-02-19T09:27:06","date_gmt":"2026-02-19T08:27:06","guid":{"rendered":"https:\/\/www.elegant-und-excellent.de\/shop\/produkt\/wimpern-serum\/"},"modified":"2026-03-03T11:18:20","modified_gmt":"2026-03-03T10:18:20","slug":"wimpern-serum","status":"publish","type":"product","link":"\/shop\/produkt\/wimpern-serum\/","title":{"rendered":"Wimpern Serum"},"content":{"rendered":"<p>Das Serum von elegant &amp; excellent ist der Frischekick f\u00fcr Ihre Wimpern!<\/p>\n","protected":false},"excerpt":{"rendered":"<p>Ein Wachstum- und Vitaminserum f\u00fcr sch\u00f6ne, lange und geschmeidigere Wimpern. Das effektive und pflegende Serum bietet wichtige N\u00e4hrstoffe und unterst\u00fctzt ein gesundes Wachstum von der Wurzel an. Eine Revolution aus einer Zusammensetzung von Provitamin B5 und Biotinoyl Tripeptide-1, verbunden mit Keratin und Augentrost. Hilft zudem sofort bei trockenen und empfindlichen Augen.<\/p>\n<p>Wimpern Serum von elegant &amp; ecxellent<br \/>\nUnterst\u00fctzend ist es bei Wimpernverl\u00e4ngerungen zu benutzen, da es die eigenen Wimpern kr\u00e4ftigt, die Haarwurzel tiefer verankert und somit daf\u00fcr sorgt, dass die applizierten Wimpern noch besser und l\u00e4nger getragen werden k\u00f6nnen. Pflegen Sie Ihre Augen und Wimpern morgens und abends nach der Reinigung. Der feine Pinsel sorgt f\u00fcr einen einfachen Auftrag. Anzuwenden wie ein Lidstrich. Benetzen Sie den Wimpernkranz mit dem Feuchtigkeitsspenden Serum. Unser Wimpern Serum ist f\u00fcr Kontaktlinsentr\u00e4gerInnen und empfindliche Augen geeignet und ist frei von Duftstoffen.<\/p>\n","protected":false},"featured_media":6872,"comment_status":"closed","ping_status":"closed","template":"","meta":{"_acf_changed":false},"product_brand":[],"product_cat":[323],"product_tag":[],"class_list":{"0":"post-6871","1":"product","2":"type-product","3":"status-publish","4":"has-post-thumbnail","6":"product_cat-zubehoer","8":"first","9":"instock","10":"taxable","11":"shipping-taxable","12":"purchasable","13":"product-type-simple"},"acf":[],"tiered_pricing_type":"fixed","tiered_pricing_fixed_rules":{"5":15,"11":12},"tiered_pricing_product_settings":{"layout":"default","base_unit_name":{"singular":null,"plural":null},"default_variation":null},"tiered_pricing_minimum_quantity":null,"tiered_pricing_roles_data":[],"tiered_pricing_percentage_rules":[],"_links":{"self":[{"href":"\/shop\/wp-json\/wp\/v2\/product\/6871","targetHints":{"allow":["GET"]}}],"collection":[{"href":"\/shop\/wp-json\/wp\/v2\/product"}],"about":[{"href":"\/shop\/wp-json\/wp\/v2\/types\/product"}],"replies":[{"embeddable":true,"href":"\/shop\/wp-json\/wp\/v2\/comments?post=6871"}],"wp:featuredmedia":[{"embeddable":true,"href":"\/shop\/wp-json\/wp\/v2\/media\/6872"}],"wp:attachment":[{"href":"\/shop\/wp-json\/wp\/v2\/media?parent=6871"}],"wp:term":[{"taxonomy":"product_brand","embeddable":true,"href":"\/shop\/wp-json\/wp\/v2\/product_brand?post=6871"},{"taxonomy":"product_cat","embeddable":true,"href":"\/shop\/wp-json\/wp\/v2\/product_cat?post=6871"},{"taxonomy":"product_tag","embeddable":true,"href":"\/shop\/wp-json\/wp\/v2\/product_tag?post=6871"}],"curies":[{"name":"wp","href":"https:\/\/api.w.org\/{rel}","templated":true}]}}